{"id":140,"date":"2021-02-01T16:18:28","date_gmt":"2021-02-01T16:18:28","guid":{"rendered":"http:\/\/ips-arg.com\/landing\/?page_id=140"},"modified":"2021-03-31T17:32:55","modified_gmt":"2021-03-31T17:32:55","slug":"ips-paraguay","status":"publish","type":"page","link":"https:\/\/ips-arg.com\/latam\/ips-paraguay\/","title":{"rendered":"IPS Paraguay"},"content":{"rendered":"<p>[vc_row content_placement=&#8221;middle&#8221; parallax=&#8221;content-moving&#8221; css_animation=&#8221;wpb_fadeIn&#8221; css=&#8221;.vc_custom_1614624521926{padding-top: 20px !important;padding-right: 20px !important;padding-bottom: 20px !important;padding-left: 20px !important;background: #231f20 url(http:\/\/ips-arg.com\/latam\/wp-content\/uploads\/2021\/03\/slidera.png?id=210);background-position: center;background-repeat: no-repeat !important;background-size: cover !important;}&#8221;][vc_column width=&#8221;1\/6&#8243; offset=&#8221;vc_hidden-xs&#8221;][\/vc_column][vc_column width=&#8221;2\/3&#8243; el_class=&#8221;slideIni&#8221;][vc_row_inner css=&#8221;.vc_custom_1607836321230{padding-top: 0px !important;padding-right: 0px !important;padding-bottom: 0px !important;padding-left: 0px !important;}&#8221;][vc_column_inner el_class=&#8221;textoIni&#8221; width=&#8221;2\/3&#8243;][vc_single_image image=&#8221;51&#8243; img_size=&#8221;166&#215;109&#8243; el_class=&#8221;logoSlide&#8221;][vc_column_text]<\/p>\n<h1 style=\"color: #ffffff;\">M\u00e1xima Resistencia.<\/h1>\n<h2 style=\"color: #ffffff;\">Descubr\u00ed el Sistema IPS Rosca.<\/h2>\n<p>[\/vc_column_text][\/vc_column_inner][vc_column_inner width=&#8221;1\/3&#8243; css=&#8221;.vc_custom_1607835208127{padding: 15px !important;background-color: #0d9448 !important;border-radius: 5px !important;}&#8221;][vc_column_text el_class=&#8221;texticonFoot&#8221;]<\/p>\n<h3 style=\"color: #fff;\">Recib\u00ed Asesoramiento<\/h3>\n<p>[\/vc_column_text][vc_column_text el_class=&#8221;texticonFoot&#8221;]<\/p>\n<h5 style=\"color: #fff;\">Complet\u00e1 el formulario y un especialista de IPS se pondr\u00e1 en contacto con vos.<\/h5>\n<p>[\/vc_column_text]<div role=\"form\" class=\"wpcf7\" id=\"wpcf7-f160-o1\" lang=\"es-ES\" dir=\"ltr\">\n<div class=\"screen-reader-response\"><p role=\"status\" aria-live=\"polite\" aria-atomic=\"true\"><\/p> <ul><\/ul><\/div>\n<form action=\"\/latam\/wp-json\/wp\/v2\/pages\/140#wpcf7-f160-o1\" method=\"post\" class=\"wpcf7-form init\" novalidate=\"novalidate\" data-status=\"init\">\n<div style=\"display: none;\">\n<input type=\"hidden\" name=\"_wpcf7\" value=\"160\" \/>\n<input type=\"hidden\" name=\"_wpcf7_version\" value=\"5.3.1\" \/>\n<input type=\"hidden\" name=\"_wpcf7_locale\" value=\"es_ES\" \/>\n<input type=\"hidden\" name=\"_wpcf7_unit_tag\" value=\"wpcf7-f160-o1\" \/>\n<input type=\"hidden\" name=\"_wpcf7_container_post\" value=\"0\" \/>\n<input type=\"hidden\" name=\"_wpcf7_posted_data_hash\" value=\"\" \/>\n<\/div>\n<p><span class=\"wpcf7-form-control-wrap your-name\"><input type=\"text\" name=\"your-name\" value=\"\" size=\"40\" class=\"wpcf7-form-control wpcf7-text wpcf7-validates-as-required\" aria-required=\"true\" aria-invalid=\"false\" placeholder=\"Nombre\" \/><\/span><br \/>\n<span class=\"wpcf7-form-control-wrap your-lastname\"><input type=\"text\" name=\"your-lastname\" value=\"\" size=\"40\" class=\"wpcf7-form-control wpcf7-text wpcf7-validates-as-required\" aria-required=\"true\" aria-invalid=\"false\" placeholder=\"Apellido\" \/><\/span><br \/>\n<span class=\"wpcf7-form-control-wrap your-email\"><input type=\"email\" name=\"your-email\" value=\"\" size=\"40\" class=\"wpcf7-form-control wpcf7-text wpcf7-email wpcf7-validates-as-required wpcf7-validates-as-email\" aria-required=\"true\" aria-invalid=\"false\" placeholder=\"mail@ejemplo.com\" \/><\/span><br \/>\n<span class=\"wpcf7-form-control-wrap your-select\"><select name=\"your-select\" class=\"wpcf7-form-control wpcf7-select wpcf7-validates-as-required\" aria-required=\"true\" aria-invalid=\"false\"><option value=\"Selecciona el tipo de contacto\">Selecciona el tipo de contacto<\/option><option value=\"Asesoramiento t\u00e9cnico\">Asesoramiento t\u00e9cnico<\/option><option value=\"Quiero distribuir productos IPS\">Quiero distribuir productos IPS<\/option><option value=\"D\u00f3nde puedo comprar IPS\">D\u00f3nde puedo comprar IPS<\/option><option value=\"Otra consulta\">Otra consulta<\/option><\/select><\/span><br \/>\n<input type=\"submit\" value=\"Enviar\" class=\"wpcf7-form-control wpcf7-submit enviarLand\" \/><\/p>\n<div class=\"wpcf7-response-output\" aria-hidden=\"true\"><\/div><\/form><\/div>[\/vc_column_inner][\/vc_row_inner][\/vc_column][vc_column width=&#8221;1\/6&#8243; offset=&#8221;vc_hidden-xs&#8221;][\/vc_column][\/vc_row][vc_row css=&#8221;.vc_custom_1607828137030{padding-top: 15px !important;padding-bottom: 15px !important;background-color: #f3f3f3 !important;}&#8221;][vc_column width=&#8221;1\/6&#8243; offset=&#8221;vc_hidden-xs&#8221;][\/vc_column][vc_column width=&#8221;2\/3&#8243;][vc_row_inner][vc_column_inner width=&#8221;1\/2&#8243;][vc_raw_html]JTNDaWZyYW1lJTIwd2lkdGglM0QlMjIxMDAlMjUlMjIlMjBoZWlnaHQlM0QlMjIzMDUlMjIlMjBzcmMlM0QlMjJodHRwcyUzQSUyRiUyRnd3dy55b3V0dWJlLmNvbSUyRmVtYmVkJTJGSTd2THFoNXZWd2clMjIlMjBmcmFtZWJvcmRlciUzRCUyMjAlMjIlMjBhbGxvdyUzRCUyMmFjY2VsZXJvbWV0ZXIlM0IlMjBhdXRvcGxheSUzQiUyMGNsaXBib2FyZC13cml0ZSUzQiUyMGVuY3J5cHRlZC1tZWRpYSUzQiUyMGd5cm9zY29wZSUzQiUyMHBpY3R1cmUtaW4tcGljdHVyZSUyMiUyMGFsbG93ZnVsbHNjcmVlbiUzRSUzQyUyRmlmcmFtZSUzRQ==[\/vc_raw_html][\/vc_column_inner][vc_column_inner width=&#8221;1\/2&#8243;][vc_column_text]<\/p>\n<h3>IPS instalamos confianza<\/h3>\n<p>[\/vc_column_text][vc_column_text]<\/p>\n<h5>En <strong>IPS dise\u00f1amos<\/strong>, fabricamos y comercializamos <strong>sistemas de conducci\u00f3n de fluidos<\/strong>, brindando servicios y <strong>asesoramiento profesional<\/strong>.<\/h5>\n<h5>Desde hace m\u00e1s de <strong>70 a\u00f1os<\/strong> brindamos <strong>soluciones innovadoras<\/strong>. Somos pioneros en la <strong>industria termopl\u00e1stica<\/strong> y l\u00edderes en materia de exportaci\u00f3n, lo que nos llev\u00f3 a ser referentes en <strong>Latinoam\u00e9rica<\/strong> y estar presentes en m\u00e1s de <strong>35 pa\u00edses<\/strong> alrededor del mundo.<\/h5>\n<p>[\/vc_column_text][\/vc_column_inner][\/vc_row_inner][\/vc_column][vc_column width=&#8221;1\/6&#8243; offset=&#8221;vc_hidden-xs&#8221;][\/vc_column][\/vc_row][vc_row css=&#8221;.vc_custom_1607828602585{padding-top: 5px !important;padding-bottom: 25px !important;background-color: #ffffff !important;}&#8221;][vc_column width=&#8221;1\/6&#8243; offset=&#8221;vc_hidden-xs&#8221;][\/vc_column][vc_column width=&#8221;2\/3&#8243;][vc_row_inner][vc_column_inner][vc_column_text]<\/p>\n<h3 style=\"text-align: center;\">Eleg\u00ed calidad y garant\u00eda, conoc\u00e9 nuestros productos.<\/h3>\n<p>[\/vc_column_text][\/vc_column_inner][\/vc_row_inner][vc_row_inner gap=&#8221;5&#8243; css=&#8221;.vc_custom_1607822848838{padding: 0px !important;}&#8221;][vc_column_inner el_class=&#8221;imgProd&#8221; width=&#8221;1\/6&#8243; offset=&#8221;vc_col-xs-6&#8243;][vc_single_image image=&#8221;28&#8243; img_size=&#8221;full&#8221; onclick=&#8221;custom_link&#8221; img_link_target=&#8221;_blank&#8221; css_animation=&#8221;fadeIn&#8221; link=&#8221;http:\/\/ips-arg.com\/productos\/rosca\/&#8221;][\/vc_column_inner][vc_column_inner el_class=&#8221;imgProd&#8221; width=&#8221;1\/6&#8243; offset=&#8221;vc_col-xs-6&#8243;][vc_single_image image=&#8221;29&#8243; img_size=&#8221;full&#8221; onclick=&#8221;custom_link&#8221; img_link_target=&#8221;_blank&#8221; css_animation=&#8221;fadeIn&#8221; link=&#8221;http:\/\/ips-arg.com\/productos\/fusion\/&#8221;][\/vc_column_inner][vc_column_inner el_class=&#8221;imgProd&#8221; width=&#8221;1\/6&#8243; offset=&#8221;vc_col-xs-6&#8243;][vc_single_image image=&#8221;30&#8243; img_size=&#8221;full&#8221; onclick=&#8221;custom_link&#8221; img_link_target=&#8221;_blank&#8221; css_animation=&#8221;fadeIn&#8221; link=&#8221;http:\/\/ips-arg.com\/productos\/gas\/&#8221;][\/vc_column_inner][vc_column_inner el_class=&#8221;imgProd&#8221; width=&#8221;1\/6&#8243; offset=&#8221;vc_col-xs-6&#8243;][vc_single_image image=&#8221;31&#8243; img_size=&#8221;full&#8221; onclick=&#8221;custom_link&#8221; img_link_target=&#8221;_blank&#8221; css_animation=&#8221;fadeIn&#8221; link=&#8221;http:\/\/ips-arg.com\/productos\/desague\/&#8221;][\/vc_column_inner][vc_column_inner el_class=&#8221;imgProd&#8221; width=&#8221;1\/6&#8243; offset=&#8221;vc_col-xs-6&#8243;][vc_single_image image=&#8221;32&#8243; img_size=&#8221;full&#8221; onclick=&#8221;custom_link&#8221; img_link_target=&#8221;_blank&#8221; css_animation=&#8221;fadeIn&#8221; link=&#8221;http:\/\/ips-arg.com\/productos\/agro\/&#8221;][\/vc_column_inner][vc_column_inner el_class=&#8221;imgProd&#8221; width=&#8221;1\/6&#8243; offset=&#8221;vc_col-xs-6&#8243;][vc_single_image image=&#8221;33&#8243; img_size=&#8221;full&#8221; onclick=&#8221;custom_link&#8221; img_link_target=&#8221;_blank&#8221; css_animation=&#8221;fadeIn&#8221; link=&#8221;http:\/\/ips-arg.com\/productos\/herramientas\/&#8221;][\/vc_column_inner][\/vc_row_inner][\/vc_column][vc_column width=&#8221;1\/6&#8243;][\/vc_column][\/vc_row][vc_row css=&#8221;.vc_custom_1607828234400{padding-top: 15px !important;padding-bottom: 15px !important;background-color: #f3f3f3 !important;}&#8221;][vc_column width=&#8221;1\/6&#8243; offset=&#8221;vc_hidden-xs&#8221;][\/vc_column][vc_column width=&#8221;2\/3&#8243;][vc_row_inner][vc_column_inner width=&#8221;1\/2&#8243;][vc_column_text]<\/p>\n<h3>Productos certificados internacionalmente<\/h3>\n<p>[\/vc_column_text][vc_column_text]<\/p>\n<h5><strong>Nuestro equipo<\/strong> de especialistas <strong>dise\u00f1a, desarrolla, fabrica<\/strong> y entrega los <strong>productos m\u00e1s confiables del mercado<\/strong>, cumpliendo los m\u00e1s altos est\u00e1ndares de calidad certificados por Entes de alcance internacional. Con nuestro staff t\u00e9cnico, <strong>respaldamos el trabajo<\/strong> de los m\u00e1s exigentes instaladores profesionales de los cinco continentes.<\/h5>\n<h5>Desde mediados de <strong>2018<\/strong>, nos sumamos a Grupo Rotoplas, que cuenta con plantas industriales en <strong>14 pa\u00edses de Am\u00e9rica<\/strong>; y nos comprometemos con la misi\u00f3n a nivel mundial de proveer <strong>m\u00e1s y mejor agua<\/strong>.<\/h5>\n<p>[\/vc_column_text][\/vc_column_inner][vc_column_inner width=&#8221;1\/2&#8243;][vc_single_image image=&#8221;227&#8243; img_size=&#8221;full&#8221; css_animation=&#8221;fadeIn&#8221;][\/vc_column_inner][\/vc_row_inner][vc_single_image image=&#8221;231&#8243; img_size=&#8221;full&#8221; alignment=&#8221;center&#8221;][\/vc_column][vc_column width=&#8221;1\/6&#8243; offset=&#8221;vc_hidden-xs&#8221;][\/vc_column][\/vc_row][vc_row css=&#8221;.vc_custom_1607828584483{padding-top: 5px !important;padding-bottom: 25px !important;background-color: #ffffff !important;}&#8221;][vc_column width=&#8221;1\/6&#8243; offset=&#8221;vc_hidden-xs&#8221;][\/vc_column][vc_column width=&#8221;2\/3&#8243;][vc_column_text]<\/p>\n<h3 style=\"text-align: center;\">Distribuidor oficial<\/h3>\n<p>[\/vc_column_text][vc_row_inner equal_height=&#8221;yes&#8221; gap=&#8221;5&#8243;][vc_column_inner width=&#8221;1\/3&#8243;][vc_column_text el_class=&#8221;bloqBlanco1&#8243; css=&#8221;.vc_custom_1612204662897{padding-top: 10px !important;padding-right: 10px !important;padding-bottom: 10px !important;padding-left: 10px !important;background-color: #ffffff !important;border-radius: 5px !important;}&#8221;]<strong style=\"color: #5d5d5d;\">CORPORACI\u00d3N MERCANTIL<\/strong><br \/>\n<strong>Casa Central:<\/strong> Av Eusebio Ayala 3233.<br \/>\n<span style=\"color: #00c94d;\">ventas@corporacionmercantil.com.py<\/span><br \/>\n<strong><span style=\"color: #00c94d;\">TEL.:<\/span><\/strong> +595 21 7290001<strong><br \/>\n<\/strong>[\/vc_column_text][\/vc_column_inner][vc_column_inner width=&#8221;1\/3&#8243;][vc_column_text el_class=&#8221;bloqBlanco1&#8243; css=&#8221;.vc_custom_1612204675750{padding-top: 10px !important;padding-right: 10px !important;padding-bottom: 10px !important;padding-left: 10px !important;border-radius: 5px !important;}&#8221;]<strong style=\"color: #5d5d5d;\">CORPORACI\u00d3N MERCANTIL<\/strong><br \/>\n<strong>Sucursales en Asunci\u00f3n y Gran Asunci\u00f3n:<\/strong> Sal\u00f3n de Ofertas, Outlet-Centro, San Lorenzo, Luque, Limpio, Mariano Roque Alonso, Fernando de la Mora.<br \/>\n<span style=\"color: #00c94d;\">ventas@corporacionmercantil.com.py<\/span><br \/>\n<strong><span style=\"color: #00c94d;\">TEL.:<\/span><\/strong> +595 21 7290001<strong><br \/>\n<\/strong>[\/vc_column_text][\/vc_column_inner][vc_column_inner width=&#8221;1\/3&#8243;][vc_column_text el_class=&#8221;bloqBlanco1&#8243; css=&#8221;.vc_custom_1612204681374{padding-top: 10px !important;padding-right: 10px !important;padding-bottom: 10px !important;padding-left: 10px !important;border-radius: 5px !important;}&#8221;]<strong style=\"color: #5d5d5d;\">CORPORACI\u00d3N MERCANTIL<\/strong><br \/>\n<strong>Interior del pa\u00eds:<\/strong> Ciudad Del Este y Encarnaci\u00f3n<br \/>\n<span style=\"color: #00c94d;\">ventas@corporacionmercantil.com.py<\/span><br \/>\n<strong><span style=\"color: #00c94d;\">TEL.:<\/span><\/strong> +595 21 7290001<strong><br \/>\n<\/strong>[\/vc_column_text][\/vc_column_inner][\/vc_row_inner][\/vc_column][vc_column width=&#8221;1\/6&#8243; offset=&#8221;vc_hidden-xs&#8221;][\/vc_column][\/vc_row][vc_row css=&#8221;.vc_custom_1614619076062{padding-top: 5px !important;padding-bottom: 25px !important;background: #231f20 url(http:\/\/ips-arg.com\/latam\/wp-content\/uploads\/2021\/03\/bgcontact.png?id=194) !important;background-position: center !important;background-repeat: no-repeat !important;background-size: cover !important;}&#8221;][vc_column width=&#8221;1\/6&#8243; offset=&#8221;vc_hidden-xs&#8221;][\/vc_column][vc_column width=&#8221;2\/3&#8243;][vc_row_inner][vc_column_inner][vc_column_text]<\/p>\n<h3 style=\"text-align: center; color: #fff;\">\u00bfTen\u00e9s algo para decirnos?<\/h3>\n<p>[\/vc_column_text][vc_column_text]<\/p>\n<h5 style=\"text-align: center; color: #fff;\">Si necesit\u00e1s informaci\u00f3n sobre nosotros o nuestros productos, te invitamos a llenar este formulario.<\/h5>\n<p>[\/vc_column_text][\/vc_column_inner][\/vc_row_inner][vc_row_inner][vc_column_inner width=&#8221;1\/6&#8243;][\/vc_column_inner][vc_column_inner width=&#8221;2\/3&#8243;]<div role=\"form\" class=\"wpcf7\" id=\"wpcf7-f159-o2\" lang=\"es-ES\" dir=\"ltr\">\n<div class=\"screen-reader-response\"><p role=\"status\" aria-live=\"polite\" aria-atomic=\"true\"><\/p> <ul><\/ul><\/div>\n<form action=\"\/latam\/wp-json\/wp\/v2\/pages\/140#wpcf7-f159-o2\" method=\"post\" class=\"wpcf7-form init\" novalidate=\"novalidate\" data-status=\"init\">\n<div style=\"display: none;\">\n<input type=\"hidden\" name=\"_wpcf7\" value=\"159\" \/>\n<input type=\"hidden\" name=\"_wpcf7_version\" value=\"5.3.1\" \/>\n<input type=\"hidden\" name=\"_wpcf7_locale\" value=\"es_ES\" \/>\n<input type=\"hidden\" name=\"_wpcf7_unit_tag\" value=\"wpcf7-f159-o2\" \/>\n<input type=\"hidden\" name=\"_wpcf7_container_post\" value=\"0\" \/>\n<input type=\"hidden\" name=\"_wpcf7_posted_data_hash\" value=\"\" \/>\n<\/div>\n<div class=\"container\" style=\"padding:0 4px;\">\n<div class=\"col-md-3 col-sm-12\" style=\"padding:0 4px;\">\n    <span class=\"wpcf7-form-control-wrap your-name\"><input type=\"text\" name=\"your-name\" value=\"\" size=\"40\" class=\"wpcf7-form-control wpcf7-text wpcf7-validates-as-required\" aria-required=\"true\" aria-invalid=\"false\" placeholder=\"Nombre\" \/><\/span><br \/>\n    <span class=\"wpcf7-form-control-wrap your-lastname\"><input type=\"text\" name=\"your-lastname\" value=\"\" size=\"40\" class=\"wpcf7-form-control wpcf7-text wpcf7-validates-as-required\" aria-required=\"true\" aria-invalid=\"false\" placeholder=\"Apellido\" \/><\/span><br \/>\n    <span class=\"wpcf7-form-control-wrap your-email\"><input type=\"email\" name=\"your-email\" value=\"\" size=\"40\" class=\"wpcf7-form-control wpcf7-text wpcf7-email wpcf7-validates-as-required wpcf7-validates-as-email\" aria-required=\"true\" aria-invalid=\"false\" placeholder=\"mail@ejemplo.com\" \/><\/span>\n  <\/div>\n<div class=\"col-md-3 col-sm-12\" style=\"padding:0 4px;\">\n    <span class=\"wpcf7-form-control-wrap your-mess\"><input type=\"text\" name=\"your-mess\" value=\"\" size=\"40\" class=\"wpcf7-form-control wpcf7-text wpcf7-validates-as-required areaFomrGr\" aria-required=\"true\" aria-invalid=\"false\" placeholder=\"Escr\u00edbenos tu consulta\" \/><\/span>\n  <\/div>\n<\/div>\n<div class=\"container\" style=\"padding:0 4px;\">\n<div class=\"col-md-6 col-sm-12\" style=\"padding:0 4px;\">\n        <input type=\"submit\" value=\"Enviar\" class=\"wpcf7-form-control wpcf7-submit enviarLandDos\" \/>\n    <\/div>\n<\/div>\n<div class=\"wpcf7-response-output\" aria-hidden=\"true\"><\/div><\/form><\/div>[\/vc_column_inner][vc_column_inner width=&#8221;1\/6&#8243;][\/vc_column_inner][\/vc_row_inner][\/vc_column][vc_column width=&#8221;1\/6&#8243; offset=&#8221;vc_hidden-xs&#8221;][\/vc_column][\/vc_row]<\/p>\n","protected":false},"excerpt":{"rendered":"<p>[vc_row content_placement=&#8221;middle&#8221; parallax=&#8221;content-moving&#8221; css_animation=&#8221;wpb_fadeIn&#8221; css=&#8221;.vc_custom_1614624521926{padding-top: 20px !important;padding-right: 20px !important;padding-bottom: 20px !important;padding-left: 20px !important;background: #231f20 url(http:\/\/ips-arg.com\/latam\/wp-content\/uploads\/2021\/03\/slidera.png?id=210);background-position: center;background-repeat: no-repeat !important;background-size: cover !important;}&#8221;][vc_column width=&#8221;1\/6&#8243; offset=&#8221;vc_hidden-xs&#8221;][\/vc_column][vc_column width=&#8221;2\/3&#8243; el_class=&#8221;slideIni&#8221;][vc_row_inner css=&#8221;.vc_custom_1607836321230{padding-top: 0px !important;padding-right: 0px !important;padding-bottom: 0px !important;padding-left: 0px !important;}&#8221;][vc_column_inner el_class=&#8221;textoIni&#8221; width=&#8221;2\/3&#8243;][vc_single_image image=&#8221;51&#8243; img_size=&#8221;166&#215;109&#8243; el_class=&#8221;logoSlide&#8221;][vc_column_text] M\u00e1xima Resistencia. Descubr\u00ed el Sistema IPS Rosca. [\/vc_column_text][\/vc_column_inner][vc_column_inner width=&#8221;1\/3&#8243; css=&#8221;.vc_custom_1607835208127{padding: 15px !important;background-color: #0d9448 !important;border-radius: 5px !important;}&#8221;][vc_column_text el_class=&#8221;texticonFoot&#8221;] [&hellip;]<\/p>\n","protected":false},"author":1,"featured_media":0,"parent":0,"menu_order":0,"comment_status":"closed","ping_status":"closed","template":"","meta":[],"_links":{"self":[{"href":"https:\/\/ips-arg.com\/latam\/wp-json\/wp\/v2\/pages\/140"}],"collection":[{"href":"https:\/\/ips-arg.com\/latam\/wp-json\/wp\/v2\/pages"}],"about":[{"href":"https:\/\/ips-arg.com\/latam\/wp-json\/wp\/v2\/types\/page"}],"author":[{"embeddable":true,"href":"https:\/\/ips-arg.com\/latam\/wp-json\/wp\/v2\/users\/1"}],"replies":[{"embeddable":true,"href":"https:\/\/ips-arg.com\/latam\/wp-json\/wp\/v2\/comments?post=140"}],"version-history":[{"count":16,"href":"https:\/\/ips-arg.com\/latam\/wp-json\/wp\/v2\/pages\/140\/revisions"}],"predecessor-version":[{"id":242,"href":"https:\/\/ips-arg.com\/latam\/wp-json\/wp\/v2\/pages\/140\/revisions\/242"}],"wp:attachment":[{"href":"https:\/\/ips-arg.com\/latam\/wp-json\/wp\/v2\/media?parent=140"}],"curies":[{"name":"wp","href":"https:\/\/api.w.org\/{rel}","templated":true}]}}